{"id":24,"date":"2021-01-27T12:46:52","date_gmt":"2021-01-27T11:46:52","guid":{"rendered":"https:\/\/www.c.line-design.fr\/website\/i-lumine\/?page_id=24"},"modified":"2023-04-04T14:17:57","modified_gmt":"2023-04-04T12:17:57","slug":"homepage","status":"publish","type":"page","link":"https:\/\/www.c.line-design.fr\/website\/i-lumine\/","title":{"rendered":"Homepage"},"content":{"rendered":"\n<div class=\"wp-block-media-text alignwide has-media-on-the-right is-stacked-on-mobile is-style-default welcometxt max1024 tw-media-bottom\"><div class=\"wp-block-media-text__content\">\n<h2 class=\"wp-block-heading\">Bienvenue<\/h2>\n\n\n\n<p>Je m\u2019appelle Mathilde, j\u2019ai 37 ans, je vis \u00e0 &nbsp;Tours.<br>Je suis photographe, j\u2019aime par dessus tout capter les moments pr\u00e9sents, faire pour vous de ces moments des souvenirs, car vos photos vous accompagneront tout au long de votre vie. <br>J\u2019aime l\u2019AMOUR dans tous ces \u00e9tats et toutes les belles rencontres que je fais gr\u00e2ce \u00e0 ce m\u00e9tier.<\/p>\n\n\n\n<p>Pour moi \u00eatre photographe, c\u2019est capturer des moments fugaces et spontan\u00e9s, c\u2019est capter les \u00e9motions et les partager. &nbsp; &nbsp;<br>Etre photographe c\u2019est raconter une histoire, l\u2019histoire d\u2019une vie, d\u2019une famille, d\u2019un couple\u2026 &nbsp; &nbsp;<br>Etre photographe c\u2019est partager son regard, sa vision \u00e0 l\u2019autre, c\u2019est s\u2019ouvrir aux autres, aux \u00e9motions, c\u2019est \u00eatre \u00e0 l\u2019affut d\u2019un geste, d\u2019un \u00e9clat de rire, d\u2019un moment de complicit\u00e9, d\u2019un \u00e9change de regards, ou m\u00eame d\u2019une larme\u2026 &nbsp; &nbsp; &nbsp; &nbsp; &nbsp; &nbsp; &nbsp; &nbsp; &nbsp; <br>Etre photographe pour vous c\u2019est vous donner toute ma sensibilit\u00e9\u2026&nbsp; &nbsp; &nbsp; &nbsp; &nbsp;<br><sub>Cr\u00e9dit photo : <a href=\"https:\/\/www.mamazelle.com\/fr\/\" target=\"_blank\" rel=\"noreferrer noopener\">Mamazelle Photographie<\/a><\/sub>&nbsp;<\/p>\n<\/div><figure class=\"wp-block-media-text__media\"><img loading=\"lazy\" decoding=\"async\" width=\"859\" height=\"1024\" src=\"https:\/\/www.c.line-design.fr\/website\/i-lumine\/wp-content\/uploads\/2021\/02\/home-profile-859x1024.jpg\" alt=\"\" class=\"wp-image-4588 size-medium\" srcset=\"https:\/\/www.c.line-design.fr\/website\/i-lumine\/wp-content\/uploads\/2021\/02\/home-profile-859x1024.jpg 859w, https:\/\/www.c.line-design.fr\/website\/i-lumine\/wp-content\/uploads\/2021\/02\/home-profile-252x300.jpg 252w, https:\/\/www.c.line-design.fr\/website\/i-lumine\/wp-content\/uploads\/2021\/02\/home-profile-768x915.jpg 768w, https:\/\/www.c.line-design.fr\/website\/i-lumine\/wp-content\/uploads\/2021\/02\/home-profile-1289x1536.jpg 1289w, https:\/\/www.c.line-design.fr\/website\/i-lumine\/wp-content\/uploads\/2021\/02\/home-profile-1719x2048.jpg 1719w, https:\/\/www.c.line-design.fr\/website\/i-lumine\/wp-content\/uploads\/2021\/02\/home-profile-1568x1869.jpg 1568w\" sizes=\"auto, (max-width: 859px) 100vw, 859px\" \/><\/figure><\/div>\n\n\n\n<div class=\"wp-block-image\"><figure class=\"aligncenter size-large is-resized\"><img loading=\"lazy\" decoding=\"async\" src=\"https:\/\/www.c.line-design.fr\/website\/i-lumine\/wp-content\/uploads\/2021\/01\/separation1.png\" alt=\"\" class=\"wp-image-4499\" width=\"149\" height=\"63\" srcset=\"https:\/\/www.c.line-design.fr\/website\/i-lumine\/wp-content\/uploads\/2021\/01\/separation1.png 315w, https:\/\/www.c.line-design.fr\/website\/i-lumine\/wp-content\/uploads\/2021\/01\/separation1-300x128.png 300w\" sizes=\"auto, (max-width: 149px) 100vw, 149px\" \/><\/figure><\/div>\n\n\n\n<div class=\"wp-block-group alignfull\"><div class=\"wp-block-group__inner-container is-layout-flow wp-block-group-is-layout-flow\">\n<h2 class=\"wp-block-heading has-text-align-center\">Galeries<\/h2>\n\n\n\n<div class=\"wp-block-columns alignwide tw-mb-2 tw-mt-2 welcomecat has-text-align-center tw-stretched-link is-layout-flex wp-container-core-columns-is-layout-d0b3c9c8 wp-block-columns-is-layout-flex\">\n<div class=\"wp-block-column is-layout-flow wp-block-column-is-layout-flow\">\n<figure class=\"wp-block-image size-full\"><img loading=\"lazy\" decoding=\"async\" width=\"365\" height=\"365\" src=\"https:\/\/www.c.line-design.fr\/website\/i-lumine\/wp-content\/uploads\/2023\/04\/Capture-decran-2021-01-27-a-13.01.44.png\" alt=\"\" class=\"wp-image-5081\" srcset=\"https:\/\/www.c.line-design.fr\/website\/i-lumine\/wp-content\/uploads\/2023\/04\/Capture-decran-2021-01-27-a-13.01.44.png 365w, https:\/\/www.c.line-design.fr\/website\/i-lumine\/wp-content\/uploads\/2023\/04\/Capture-decran-2021-01-27-a-13.01.44-300x300.png 300w, https:\/\/www.c.line-design.fr\/website\/i-lumine\/wp-content\/uploads\/2023\/04\/Capture-decran-2021-01-27-a-13.01.44-150x150.png 150w\" sizes=\"auto, (max-width: 365px) 100vw, 365px\" \/><\/figure>\n\n\n\n<h2 class=\"wp-block-heading tw-mb-0 has-h-3-font-size\">Famille<\/h2>\n\n\n\n<h3 class=\"wp-block-heading\">Tarif xxx<\/h3>\n\n\n\n<p>Le bonheur d&rsquo;une famille r\u00e9unie, entour\u00e9e d&rsquo;amour et de partage.<\/p>\n<\/div>\n\n\n\n<div class=\"wp-block-column is-layout-flow wp-block-column-is-layout-flow\">\n<figure class=\"wp-block-image size-full\"><img loading=\"lazy\" decoding=\"async\" width=\"360\" height=\"360\" src=\"https:\/\/www.c.line-design.fr\/website\/i-lumine\/wp-content\/uploads\/2023\/04\/Capture-decran-2021-01-27-a-13.01.30-e1611864122452-1.png\" alt=\"\" class=\"wp-image-5083\" srcset=\"https:\/\/www.c.line-design.fr\/website\/i-lumine\/wp-content\/uploads\/2023\/04\/Capture-decran-2021-01-27-a-13.01.30-e1611864122452-1.png 360w, https:\/\/www.c.line-design.fr\/website\/i-lumine\/wp-content\/uploads\/2023\/04\/Capture-decran-2021-01-27-a-13.01.30-e1611864122452-1-300x300.png 300w, https:\/\/www.c.line-design.fr\/website\/i-lumine\/wp-content\/uploads\/2023\/04\/Capture-decran-2021-01-27-a-13.01.30-e1611864122452-1-150x150.png 150w\" sizes=\"auto, (max-width: 360px) 100vw, 360px\" \/><\/figure>\n\n\n\n<h2 class=\"wp-block-heading tw-mb-0 has-h-3-font-size\">Nouveaux-n\u00e9s<\/h2>\n\n\n\n<h3 class=\"wp-block-heading\">Tarif xxx<\/h3>\n\n\n\n<p>Un \u00eatre unique, un moment magique.<\/p>\n<\/div>\n\n\n\n<div class=\"wp-block-column is-layout-flow wp-block-column-is-layout-flow\">\n<figure class=\"wp-block-image size-full\"><img loading=\"lazy\" decoding=\"async\" width=\"380\" height=\"380\" src=\"https:\/\/www.c.line-design.fr\/website\/i-lumine\/wp-content\/uploads\/2023\/04\/Capture-decran-2021-01-27-a-13.01.04.png\" alt=\"\" class=\"wp-image-5084\" srcset=\"https:\/\/www.c.line-design.fr\/website\/i-lumine\/wp-content\/uploads\/2023\/04\/Capture-decran-2021-01-27-a-13.01.04.png 380w, https:\/\/www.c.line-design.fr\/website\/i-lumine\/wp-content\/uploads\/2023\/04\/Capture-decran-2021-01-27-a-13.01.04-300x300.png 300w, https:\/\/www.c.line-design.fr\/website\/i-lumine\/wp-content\/uploads\/2023\/04\/Capture-decran-2021-01-27-a-13.01.04-150x150.png 150w\" sizes=\"auto, (max-width: 380px) 100vw, 380px\" \/><\/figure>\n\n\n\n<h2 class=\"wp-block-heading tw-mb-0 has-h-3-font-size\">Maternit\u00e9<\/h2>\n\n\n\n<h3 class=\"wp-block-heading\">Tarif xxx<\/h3>\n\n\n\n<p>Pour que ces quelques mois de bonheur restent grav\u00e9s \u00e0 tout jamais&#8230;<\/p>\n<\/div>\n\n\n\n<div class=\"wp-block-column is-layout-flow wp-block-column-is-layout-flow\">\n<figure class=\"wp-block-image size-full\"><img loading=\"lazy\" decoding=\"async\" width=\"360\" height=\"360\" src=\"https:\/\/www.c.line-design.fr\/website\/i-lumine\/wp-content\/uploads\/2023\/04\/Capture-decran-2021-01-27-a-13.00.47-1.png\" alt=\"\" class=\"wp-image-5085\" srcset=\"https:\/\/www.c.line-design.fr\/website\/i-lumine\/wp-content\/uploads\/2023\/04\/Capture-decran-2021-01-27-a-13.00.47-1.png 360w, https:\/\/www.c.line-design.fr\/website\/i-lumine\/wp-content\/uploads\/2023\/04\/Capture-decran-2021-01-27-a-13.00.47-1-300x300.png 300w, https:\/\/www.c.line-design.fr\/website\/i-lumine\/wp-content\/uploads\/2023\/04\/Capture-decran-2021-01-27-a-13.00.47-1-150x150.png 150w\" sizes=\"auto, (max-width: 360px) 100vw, 360px\" \/><\/figure>\n\n\n\n<h2 class=\"wp-block-heading tw-mb-0 has-h-3-font-size\">Couples<\/h2>\n\n\n\n<h3 class=\"wp-block-heading\">Tarif xxx<\/h3>\n\n\n\n<p>L&rsquo;amour de deux \u00eatres, le d\u00e9but de toutes histoires.<\/p>\n<\/div>\n<\/div>\n\n\n\n<p><\/p>\n<\/div><\/div>\n\n\n\n<div class=\"wp-block-image\"><figure class=\"aligncenter size-large is-resized\"><img loading=\"lazy\" decoding=\"async\" src=\"https:\/\/www.c.line-design.fr\/website\/i-lumine\/wp-content\/uploads\/2021\/01\/separation1.png\" alt=\"\" class=\"wp-image-4499\" width=\"149\" height=\"63\" srcset=\"https:\/\/www.c.line-design.fr\/website\/i-lumine\/wp-content\/uploads\/2021\/01\/separation1.png 315w, https:\/\/www.c.line-design.fr\/website\/i-lumine\/wp-content\/uploads\/2021\/01\/separation1-300x128.png 300w\" sizes=\"auto, (max-width: 149px) 100vw, 149px\" \/><\/figure><\/div>\n\n\n\n<div class=\"wp-block-group alignfull is-style-default lastblog has-black-color has-subtle-background-color has-text-color has-background\"><div class=\"wp-block-group__inner-container is-layout-flow wp-block-group-is-layout-flow\">\n<h2 class=\"wp-block-heading has-text-align-center\">Derni\u00e8res s\u00e9ances sur le blog<\/h2>\n\n\n<ul class=\"wp-block-latest-posts__list is-grid columns-4 has-dates alignwide is-style-tw-posts-card tw-img-ratio-4-3 tw-heading-size-medium tw-stretched-link wp-block-latest-posts\"><li><div class=\"wp-block-latest-posts__featured-image\"><img loading=\"lazy\" decoding=\"async\" width=\"300\" height=\"200\" src=\"https:\/\/www.c.line-design.fr\/website\/i-lumine\/wp-content\/uploads\/2019\/11\/LN-59nb-300x200.jpg\" class=\"attachment-medium size-medium wp-post-image\" alt=\"\" style=\"width:100%;height:66.7%;max-width:1000px;\" srcset=\"https:\/\/www.c.line-design.fr\/website\/i-lumine\/wp-content\/uploads\/2019\/11\/LN-59nb-300x200.jpg 300w, https:\/\/www.c.line-design.fr\/website\/i-lumine\/wp-content\/uploads\/2019\/11\/LN-59nb-768x512.jpg 768w, https:\/\/www.c.line-design.fr\/website\/i-lumine\/wp-content\/uploads\/2019\/11\/LN-59nb.jpg 1000w\" sizes=\"auto, (max-width: 300px) 100vw, 300px\" \/><\/div><a class=\"wp-block-latest-posts__post-title\" href=\"https:\/\/www.c.line-design.fr\/website\/i-lumine\/2019\/11\/22\/un-moment-de-complicite-avec-sa-maman\/\">Un moment de complicit\u00e9 avec sa maman&#8230;<\/a><time datetime=\"2019-11-22T11:54:11+01:00\" class=\"wp-block-latest-posts__post-date\">22 novembre 2019<\/time><\/li>\n<li><div class=\"wp-block-latest-posts__featured-image\"><img loading=\"lazy\" decoding=\"async\" width=\"300\" height=\"200\" src=\"https:\/\/www.c.line-design.fr\/website\/i-lumine\/wp-content\/uploads\/2019\/11\/G-8-300x200.jpg\" class=\"attachment-medium size-medium wp-post-image\" alt=\"\" style=\"width:100%;height:66.7%;max-width:1000px;\" srcset=\"https:\/\/www.c.line-design.fr\/website\/i-lumine\/wp-content\/uploads\/2019\/11\/G-8-300x200.jpg 300w, https:\/\/www.c.line-design.fr\/website\/i-lumine\/wp-content\/uploads\/2019\/11\/G-8-768x512.jpg 768w, https:\/\/www.c.line-design.fr\/website\/i-lumine\/wp-content\/uploads\/2019\/11\/G-8.jpg 1000w\" sizes=\"auto, (max-width: 300px) 100vw, 300px\" \/><\/div><a class=\"wp-block-latest-posts__post-title\" href=\"https:\/\/www.c.line-design.fr\/website\/i-lumine\/2019\/11\/21\/entre-filles-enfin-presque\/\">Entre filles, enfin presque  !<\/a><time datetime=\"2019-11-21T23:50:34+01:00\" class=\"wp-block-latest-posts__post-date\">21 novembre 2019<\/time><\/li>\n<li><div class=\"wp-block-latest-posts__featured-image\"><img loading=\"lazy\" decoding=\"async\" width=\"200\" height=\"300\" src=\"https:\/\/www.c.line-design.fr\/website\/i-lumine\/wp-content\/uploads\/2019\/11\/LN-5-200x300.jpg\" class=\"attachment-medium size-medium wp-post-image\" alt=\"\" style=\"width:100%;height:149.93%;max-width:667px;\" srcset=\"https:\/\/www.c.line-design.fr\/website\/i-lumine\/wp-content\/uploads\/2019\/11\/LN-5-200x300.jpg 200w, https:\/\/www.c.line-design.fr\/website\/i-lumine\/wp-content\/uploads\/2019\/11\/LN-5.jpg 667w\" sizes=\"auto, (max-width: 200px) 100vw, 200px\" \/><\/div><a class=\"wp-block-latest-posts__post-title\" href=\"https:\/\/www.c.line-design.fr\/website\/i-lumine\/2019\/11\/21\/un-petit-indien-nagawika\/\">Un petit indien &#8230; Nagawika &#8230;<\/a><time datetime=\"2019-11-21T23:12:16+01:00\" class=\"wp-block-latest-posts__post-date\">21 novembre 2019<\/time><\/li>\n<li><div class=\"wp-block-latest-posts__featured-image\"><img loading=\"lazy\" decoding=\"async\" width=\"300\" height=\"200\" src=\"https:\/\/www.c.line-design.fr\/website\/i-lumine\/wp-content\/uploads\/2019\/09\/64-sur-92-300x200.jpg\" class=\"attachment-medium size-medium wp-post-image\" alt=\"\" style=\"width:100%;height:66.68%;max-width:2560px;\" srcset=\"https:\/\/www.c.line-design.fr\/website\/i-lumine\/wp-content\/uploads\/2019\/09\/64-sur-92-300x200.jpg 300w, https:\/\/www.c.line-design.fr\/website\/i-lumine\/wp-content\/uploads\/2019\/09\/64-sur-92-1024x683.jpg 1024w, https:\/\/www.c.line-design.fr\/website\/i-lumine\/wp-content\/uploads\/2019\/09\/64-sur-92-768x512.jpg 768w, https:\/\/www.c.line-design.fr\/website\/i-lumine\/wp-content\/uploads\/2019\/09\/64-sur-92-1536x1024.jpg 1536w, https:\/\/www.c.line-design.fr\/website\/i-lumine\/wp-content\/uploads\/2019\/09\/64-sur-92-2048x1365.jpg 2048w, https:\/\/www.c.line-design.fr\/website\/i-lumine\/wp-content\/uploads\/2019\/09\/64-sur-92-1568x1045.jpg 1568w\" sizes=\"auto, (max-width: 300px) 100vw, 300px\" \/><\/div><a class=\"wp-block-latest-posts__post-title\" href=\"https:\/\/www.c.line-design.fr\/website\/i-lumine\/2018\/09\/27\/danseuse-et-duo\/\">Danseuse et duo<\/a><time datetime=\"2018-09-27T18:38:27+02:00\" class=\"wp-block-latest-posts__post-date\">27 septembre 2018<\/time><\/li>\n<\/ul>\n\n\n<p class=\"has-text-align-center linkbtn\"><a href=\"https:\/\/www.c.line-design.fr\/website\/i-lumine\/blog\/\" data-type=\"page\" data-id=\"9\">Voir toutes les s\u00e9ances<\/a><\/p>\n<\/div><\/div>\n\n\n\n<h2 class=\"wp-block-heading has-text-align-center\">I-lumine sur Instagram<\/h2>\n\n\n<p>[instagram-feed feed=11]<\/p>\n","protected":false},"excerpt":{"rendered":"<p>Bienvenue Je m\u2019appelle Mathilde, j\u2019ai 37 ans, je vis \u00e0 &nbsp;Tours.Je suis photographe, j\u2019aime par dessus tout capter les moments pr\u00e9sents, faire pour vous de ces moments des souvenirs, car vos photos vous accompagneront tout au long de votre vie. J\u2019aime l\u2019AMOUR dans tous ces \u00e9tats et toutes les belles rencontres que je fais gr\u00e2ce&hellip; <a class=\"more-link\" href=\"https:\/\/www.c.line-design.fr\/website\/i-lumine\/\">Poursuivre la lecture <span class=\"screen-reader-text\">Homepage<\/span><\/a><\/p>\n","protected":false},"author":1,"featured_media":0,"parent":0,"menu_order":0,"comment_status":"closed","ping_status":"closed","template":"","meta":{"footnotes":""},"class_list":["post-24","page","type-page","status-publish","hentry","entry"],"_links":{"self":[{"href":"https:\/\/www.c.line-design.fr\/website\/i-lumine\/wp-json\/wp\/v2\/pages\/24","targetHints":{"allow":["GET"]}}],"collection":[{"href":"https:\/\/www.c.line-design.fr\/website\/i-lumine\/wp-json\/wp\/v2\/pages"}],"about":[{"href":"https:\/\/www.c.line-design.fr\/website\/i-lumine\/wp-json\/wp\/v2\/types\/page"}],"author":[{"embeddable":true,"href":"https:\/\/www.c.line-design.fr\/website\/i-lumine\/wp-json\/wp\/v2\/users\/1"}],"replies":[{"embeddable":true,"href":"https:\/\/www.c.line-design.fr\/website\/i-lumine\/wp-json\/wp\/v2\/comments?post=24"}],"version-history":[{"count":72,"href":"https:\/\/www.c.line-design.fr\/website\/i-lumine\/wp-json\/wp\/v2\/pages\/24\/revisions"}],"predecessor-version":[{"id":5086,"href":"https:\/\/www.c.line-design.fr\/website\/i-lumine\/wp-json\/wp\/v2\/pages\/24\/revisions\/5086"}],"wp:attachment":[{"href":"https:\/\/www.c.line-design.fr\/website\/i-lumine\/wp-json\/wp\/v2\/media?parent=24"}],"curies":[{"name":"wp","href":"https:\/\/api.w.org\/{rel}","templated":true}]}}