{"id":4283,"date":"2021-01-28T15:51:33","date_gmt":"2021-01-28T14:51:33","guid":{"rendered":"https:\/\/www.c.line-design.fr\/website\/i-lumine\/?page_id=4283"},"modified":"2021-02-05T11:15:41","modified_gmt":"2021-02-05T10:15:41","slug":"mentions-legales","status":"publish","type":"page","link":"https:\/\/www.c.line-design.fr\/website\/i-lumine\/mentions-legales\/","title":{"rendered":"Mentions l\u00e9gales"},"content":{"rendered":"\n<p>Mathilde Crouzet<br>Photographe<br>Siret : 492 903 166 00030<br>APE : 7420Z (Activit\u00e9s photographiques)<br>Entrepreneur individuel<\/p>\n\n\n\n<p>74 Rue de la Douzill\u00e8re<br>37300 Joue-les-Tours, France<br>Tel : +33 6 11 30 07 17<\/p>\n\n\n\n<p>E-mail : mathildeilumine@gmail.com<\/p>\n\n\n\n<h5 class=\"wp-block-heading\">Propri\u00e9taire du site<\/h5>\n\n\n\n<p>Mathilde Crouzet &#8211; <a href=\"mailto:mathildeilumine@gmail.com\">mathildeilumine@gmail.com<\/a> &#8211; 74 Rue de la Douzill\u00e8re, 37300 Joue-les-Tours, France<\/p>\n\n\n\n<h5 class=\"wp-block-heading\">Conception du site<\/h5>\n\n\n\n<p>C\u00e9line Auzias (<a rel=\"noreferrer noopener\" href=\"https:\/\/www.c.line-design.fr\" target=\"_blank\">C.line Design<\/a>) &#8211; <a href=\"mailto:c.line@ymail.com\">c.line@ymail.com<\/a><\/p>\n\n\n\n<h5 class=\"wp-block-heading\">H\u00e9bergement<\/h5>\n\n\n\n<p>Site h\u00e9berg\u00e9 chez&nbsp;<a target=\"_blank\" href=\"http:\/\/www.ovh.com\/\" rel=\"noreferrer noopener\">OVH<\/a>, 2 rue Kellermann &#8211; 59100 Roubaix &#8211; France.<\/p>\n\n\n\n<h5 class=\"wp-block-heading\">Propri\u00e9t\u00e9 intellectuelle<\/h5>\n\n\n\n<p>Les textes ci-dessous s&rsquo;appliquent \u00e0 toutes les oeuvres pr\u00e9sent\u00e9es sur le site&nbsp;<strong><a href=\"https:\/\/www.c.line-design.fr\/website\/i-lumine\">https:\/\/i-lumine.co<\/a><\/strong><a href=\"https:\/\/c.line-design.fr\/\"><strong>m<\/strong><\/a><\/p>\n\n\n\n<p><\/p>\n\n\n\n<p>Tous les dessins, images num\u00e9riques, photographies, textes et le code sur ce site sont la propri\u00e9t\u00e9 exclusive de leur auteur Mathilde Crouzet, sauf mention contraire, et sont prot\u00e9g\u00e9s par la l\u00e9gislation en vigueur sur le droit d&rsquo;auteur.<br>Les oeuvres sur ce site NE peuvent \u00eatre utilis\u00e9es, publi\u00e9es, imprim\u00e9es, diffus\u00e9es ou modifi\u00e9es de quelque mani\u00e8re sans l&rsquo;accord \u00e9crit de l&rsquo;auteur.<br>Pour toute question en rapport avec le contenu de ce document ou sur l&rsquo;utilisation de mon travail, vous pouvez me contacter par mail :&nbsp;<a href=\"mailto:mathildeilumine@gmail.com\">mathildeilumine@gmail.com<\/a><\/p>\n\n\n\n<p>Toute utilisation frauduleuse du contenu de ce site, sans autorisation expresse de l&rsquo;auteur est formellement interdite (article L122-4 du Code de la Propri\u00e9t\u00e9 Intellectuelle). Le maquillage\/effacement de logo\/signature et le recadrage sont formellement interdits. Les contrevenants s&rsquo;exposent \u00e0 des poursuites, conform\u00e9ment \u00e0 l&rsquo;article L335-2 et L335-3 du Code de la Propri\u00e9t\u00e9 Intellectuelle.<\/p>\n\n\n\n<p><strong>Article L122-4<\/strong><br>\u00ab\u00a0Toute repr\u00e9sentation ou reproduction int\u00e9grale ou partielle faite sans le consentement de l&rsquo;auteur ou de ses ayants droit ou ayants cause est illicite. Il en est de m\u00eame pour la traduction, l&rsquo;adaptation ou la transformation, l&rsquo;arrangement ou la reproduction par un art ou un proc\u00e9d\u00e9 quelconque.\u00a0\u00bb<\/p>\n\n\n\n<p><strong>Article L335-2<\/strong><br>\u00ab\u00a0Toute \u00e9dition d&rsquo;\u00e9crits, de composition musicale, de dessin, de peinture ou de toute autre production, imprim\u00e9e ou grav\u00e9e en entier ou en partie, au m\u00e9pris des lois et r\u00e8glements relatifs \u00e0 la propri\u00e9t\u00e9 des auteurs, est une contrefa\u00e7on; et toute contrefa\u00e7on est un d\u00e9lit. La contrefa\u00e7on en France d&rsquo;ouvrages publi\u00e9s en France ou \u00e0 l&rsquo;\u00e9tranger est punie de deux ans d&#8217;emprisonnement et de 150 000 \u20ac d&rsquo;amende.\u00a0\u00bb<\/p>\n\n\n\n<p><strong>Article L335-3<\/strong><br>\u00ab\u00a0Est \u00e9galement un d\u00e9lit de contrefa\u00e7on toute reproduction, repr\u00e9sentation ou diffusion, par quelque moyen que ce soit, d&rsquo;une oeuvre de l&rsquo;esprit en violation des droits de l&rsquo;auteur, tels qu&rsquo;ils sont d\u00e9finis et r\u00e9glement\u00e9s par la loi.\u00a0\u00bb<\/p>\n","protected":false},"excerpt":{"rendered":"<p>Mathilde CrouzetPhotographeSiret : 492 903 166 00030APE : 7420Z (Activit\u00e9s photographiques)Entrepreneur individuel 74 Rue de la Douzill\u00e8re37300 Joue-les-Tours, FranceTel : +33 6 11 30 07 17 E-mail : mathildeilumine@gmail.com Propri\u00e9taire du site Mathilde Crouzet &#8211; mathildeilumine@gmail.com &#8211; 74 Rue de la Douzill\u00e8re, 37300 Joue-les-Tours, France Conception du site C\u00e9line Auzias (C.line Design) &#8211; c.line@ymail.com H\u00e9bergement&hellip; <a class=\"more-link\" href=\"https:\/\/www.c.line-design.fr\/website\/i-lumine\/mentions-legales\/\">Poursuivre la lecture <span class=\"screen-reader-text\">Mentions l\u00e9gales<\/span><\/a><\/p>\n","protected":false},"author":1,"featured_media":0,"parent":0,"menu_order":0,"comment_status":"closed","ping_status":"closed","template":"","meta":{"footnotes":""},"class_list":["post-4283","page","type-page","status-publish","hentry","entry"],"_links":{"self":[{"href":"https:\/\/www.c.line-design.fr\/website\/i-lumine\/wp-json\/wp\/v2\/pages\/4283","targetHints":{"allow":["GET"]}}],"collection":[{"href":"https:\/\/www.c.line-design.fr\/website\/i-lumine\/wp-json\/wp\/v2\/pages"}],"about":[{"href":"https:\/\/www.c.line-design.fr\/website\/i-lumine\/wp-json\/wp\/v2\/types\/page"}],"author":[{"embeddable":true,"href":"https:\/\/www.c.line-design.fr\/website\/i-lumine\/wp-json\/wp\/v2\/users\/1"}],"replies":[{"embeddable":true,"href":"https:\/\/www.c.line-design.fr\/website\/i-lumine\/wp-json\/wp\/v2\/comments?post=4283"}],"version-history":[{"count":7,"href":"https:\/\/www.c.line-design.fr\/website\/i-lumine\/wp-json\/wp\/v2\/pages\/4283\/revisions"}],"predecessor-version":[{"id":4743,"href":"https:\/\/www.c.line-design.fr\/website\/i-lumine\/wp-json\/wp\/v2\/pages\/4283\/revisions\/4743"}],"wp:attachment":[{"href":"https:\/\/www.c.line-design.fr\/website\/i-lumine\/wp-json\/wp\/v2\/media?parent=4283"}],"curies":[{"name":"wp","href":"https:\/\/api.w.org\/{rel}","templated":true}]}}