{"id":89,"date":"2021-01-27T16:48:08","date_gmt":"2021-01-27T15:48:08","guid":{"rendered":"https:\/\/www.c.line-design.fr\/website\/i-lumine\/?page_id=89"},"modified":"2023-04-04T12:17:45","modified_gmt":"2023-04-04T10:17:45","slug":"galeries","status":"publish","type":"page","link":"https:\/\/www.c.line-design.fr\/website\/i-lumine\/galeries\/","title":{"rendered":"Galeries"},"content":{"rendered":"\n<div class=\"wp-block-group alignfull tw-mt-0 galeriecat\"><div class=\"wp-block-group__inner-container is-layout-flow wp-block-group-is-layout-flow\">\n<div class=\"wp-block-group alignfull tw-mt-0\"><div class=\"wp-block-group__inner-container is-layout-flow wp-block-group-is-layout-flow\">\n<div class=\"wp-block-media-text alignwide is-stacked-on-mobile tw-mt-0 tw-mb-0 is-style-tw-overlap has-subtle-background-color has-background tw-stretched-link\" style=\"grid-template-columns:42% auto\"><figure class=\"wp-block-media-text__media\"><a href=\"https:\/\/www.c.line-design.fr\/website\/i-lumine\/galerie-familles\/\"><img loading=\"lazy\" decoding=\"async\" width=\"360\" height=\"360\" src=\"https:\/\/www.c.line-design.fr\/website\/i-lumine\/wp-content\/uploads\/2023\/04\/Capture-decran-2021-01-27-a-13.01.44-e1611864100816.png\" alt=\"\" class=\"wp-image-5049 size-full\" srcset=\"https:\/\/www.c.line-design.fr\/website\/i-lumine\/wp-content\/uploads\/2023\/04\/Capture-decran-2021-01-27-a-13.01.44-e1611864100816.png 360w, https:\/\/www.c.line-design.fr\/website\/i-lumine\/wp-content\/uploads\/2023\/04\/Capture-decran-2021-01-27-a-13.01.44-e1611864100816-300x300.png 300w, https:\/\/www.c.line-design.fr\/website\/i-lumine\/wp-content\/uploads\/2023\/04\/Capture-decran-2021-01-27-a-13.01.44-e1611864100816-150x150.png 150w\" sizes=\"auto, (max-width: 360px) 100vw, 360px\" \/><\/a><\/figure><div class=\"wp-block-media-text__content\">\n<h2 class=\"wp-block-heading has-h-3-font-size\">Galerie Famille<\/h2>\n\n\n\n<p>Le bonheur d&rsquo;une famille r\u00e9unie, entour\u00e9e d&rsquo;amour et de partage..<\/p>\n\n\n\n<p class=\"has-text-align-center\"><a href=\"https:\/\/www.c.line-design.fr\/website\/i-lumine\/galerie-familles\/\" data-type=\"page\" data-id=\"69\">Visiter<\/a><\/p>\n<\/div><\/div>\n\n\n\n<div class=\"wp-block-media-text alignwide has-media-on-the-right is-stacked-on-mobile tw-mb-0 tw-mt-0 is-style-tw-overlap has-subtle-background-color has-background tw-stretched-link\" style=\"grid-template-columns:auto 43%\"><div class=\"wp-block-media-text__content\">\n<h2 class=\"wp-block-heading has-h-3-font-size\">Galerie Nouveaux-n\u00e9s<\/h2>\n\n\n\n<p>Un \u00eatre unique, un moment magique.  <\/p>\n\n\n\n<p class=\"has-text-align-center\"><a href=\"https:\/\/www.c.line-design.fr\/website\/i-lumine\/galerie-nouveaux-nes\/\" data-type=\"page\" data-id=\"71\">Visiter<\/a><\/p>\n<\/div><figure class=\"wp-block-media-text__media\"><a href=\"https:\/\/www.c.line-design.fr\/website\/i-lumine\/galerie-nouveaux-nes\/\"><img loading=\"lazy\" decoding=\"async\" width=\"360\" height=\"360\" src=\"https:\/\/www.c.line-design.fr\/website\/i-lumine\/wp-content\/uploads\/2023\/04\/Capture-decran-2021-01-27-a-13.01.30-e1611864122452.png\" alt=\"\" class=\"wp-image-5050 size-full\" srcset=\"https:\/\/www.c.line-design.fr\/website\/i-lumine\/wp-content\/uploads\/2023\/04\/Capture-decran-2021-01-27-a-13.01.30-e1611864122452.png 360w, https:\/\/www.c.line-design.fr\/website\/i-lumine\/wp-content\/uploads\/2023\/04\/Capture-decran-2021-01-27-a-13.01.30-e1611864122452-300x300.png 300w, https:\/\/www.c.line-design.fr\/website\/i-lumine\/wp-content\/uploads\/2023\/04\/Capture-decran-2021-01-27-a-13.01.30-e1611864122452-150x150.png 150w\" sizes=\"auto, (max-width: 360px) 100vw, 360px\" \/><\/a><\/figure><\/div>\n\n\n\n<div class=\"wp-block-media-text alignwide is-stacked-on-mobile tw-mb-0 tw-mt-0 is-style-tw-overlap has-subtle-background-color has-background tw-stretched-link\" style=\"grid-template-columns:42% auto\"><figure class=\"wp-block-media-text__media\"><a href=\"https:\/\/www.c.line-design.fr\/website\/i-lumine\/galerie-maternite\/\"><img loading=\"lazy\" decoding=\"async\" width=\"360\" height=\"360\" src=\"https:\/\/www.c.line-design.fr\/website\/i-lumine\/wp-content\/uploads\/2023\/04\/Capture-decran-2021-01-27-a-13.01.04-e1611864133754.png\" alt=\"\" class=\"wp-image-5051 size-full\" srcset=\"https:\/\/www.c.line-design.fr\/website\/i-lumine\/wp-content\/uploads\/2023\/04\/Capture-decran-2021-01-27-a-13.01.04-e1611864133754.png 360w, https:\/\/www.c.line-design.fr\/website\/i-lumine\/wp-content\/uploads\/2023\/04\/Capture-decran-2021-01-27-a-13.01.04-e1611864133754-300x300.png 300w, https:\/\/www.c.line-design.fr\/website\/i-lumine\/wp-content\/uploads\/2023\/04\/Capture-decran-2021-01-27-a-13.01.04-e1611864133754-150x150.png 150w\" sizes=\"auto, (max-width: 360px) 100vw, 360px\" \/><\/a><\/figure><div class=\"wp-block-media-text__content\">\n<h2 class=\"wp-block-heading has-h-3-font-size\">Galerie Maternit\u00e9<\/h2>\n\n\n\n<p>Pour que ces quelques mois de bonheur restent grav\u00e9s \u00e0 tout jamais&#8230; <\/p>\n\n\n\n<p class=\"has-text-align-center\"><a href=\"https:\/\/www.c.line-design.fr\/website\/i-lumine\/galerie-maternite\/\" data-type=\"page\" data-id=\"73\">Visiter<\/a><\/p>\n<\/div><\/div>\n\n\n\n<div class=\"wp-block-media-text alignwide has-media-on-the-right is-stacked-on-mobile tw-mb-0 tw-mt-0 is-style-tw-overlap has-subtle-background-color has-background tw-stretched-link\" style=\"grid-template-columns:auto 42%\"><div class=\"wp-block-media-text__content\">\n<h2 class=\"wp-block-heading has-h-3-font-size\">Galerie Couples<\/h2>\n\n\n\n<p>L&rsquo;amour de deux \u00eatres, le d\u00e9but de toutes histoires <\/p>\n\n\n\n<p class=\"has-text-align-center\"><a href=\"https:\/\/www.c.line-design.fr\/website\/i-lumine\/galerie-couples\/\" data-type=\"page\" data-id=\"75\">Visiter<\/a><\/p>\n<\/div><figure class=\"wp-block-media-text__media\"><a href=\"https:\/\/www.c.line-design.fr\/website\/i-lumine\/galerie-couples\/\"><img loading=\"lazy\" decoding=\"async\" width=\"360\" height=\"360\" src=\"https:\/\/www.c.line-design.fr\/website\/i-lumine\/wp-content\/uploads\/2023\/04\/Capture-decran-2021-01-27-a-13.00.47.png\" alt=\"\" class=\"wp-image-5053 size-full\" srcset=\"https:\/\/www.c.line-design.fr\/website\/i-lumine\/wp-content\/uploads\/2023\/04\/Capture-decran-2021-01-27-a-13.00.47.png 360w, https:\/\/www.c.line-design.fr\/website\/i-lumine\/wp-content\/uploads\/2023\/04\/Capture-decran-2021-01-27-a-13.00.47-300x300.png 300w, https:\/\/www.c.line-design.fr\/website\/i-lumine\/wp-content\/uploads\/2023\/04\/Capture-decran-2021-01-27-a-13.00.47-150x150.png 150w\" sizes=\"auto, (max-width: 360px) 100vw, 360px\" \/><\/a><\/figure><\/div>\n<\/div><\/div>\n<\/div><\/div>\n\n\n\n<div class=\"wp-block-group alignfull\"><div class=\"wp-block-group__inner-container is-layout-flow wp-block-group-is-layout-flow\">\n<p><\/p>\n<\/div><\/div>\n","protected":false},"excerpt":{"rendered":"<p>Galerie Famille Le bonheur d&rsquo;une famille r\u00e9unie, entour\u00e9e d&rsquo;amour et de partage.. Visiter Galerie Nouveaux-n\u00e9s Un \u00eatre unique, un moment magique. Visiter Galerie Maternit\u00e9 Pour que ces quelques mois de bonheur restent grav\u00e9s \u00e0 tout jamais&#8230; Visiter Galerie Couples L&rsquo;amour de deux \u00eatres, le d\u00e9but de toutes histoires Visiter<\/p>\n","protected":false},"author":1,"featured_media":0,"parent":0,"menu_order":0,"comment_status":"closed","ping_status":"closed","template":"","meta":{"footnotes":""},"class_list":["post-89","page","type-page","status-publish","hentry","entry"],"_links":{"self":[{"href":"https:\/\/www.c.line-design.fr\/website\/i-lumine\/wp-json\/wp\/v2\/pages\/89","targetHints":{"allow":["GET"]}}],"collection":[{"href":"https:\/\/www.c.line-design.fr\/website\/i-lumine\/wp-json\/wp\/v2\/pages"}],"about":[{"href":"https:\/\/www.c.line-design.fr\/website\/i-lumine\/wp-json\/wp\/v2\/types\/page"}],"author":[{"embeddable":true,"href":"https:\/\/www.c.line-design.fr\/website\/i-lumine\/wp-json\/wp\/v2\/users\/1"}],"replies":[{"embeddable":true,"href":"https:\/\/www.c.line-design.fr\/website\/i-lumine\/wp-json\/wp\/v2\/comments?post=89"}],"version-history":[{"count":30,"href":"https:\/\/www.c.line-design.fr\/website\/i-lumine\/wp-json\/wp\/v2\/pages\/89\/revisions"}],"predecessor-version":[{"id":5054,"href":"https:\/\/www.c.line-design.fr\/website\/i-lumine\/wp-json\/wp\/v2\/pages\/89\/revisions\/5054"}],"wp:attachment":[{"href":"https:\/\/www.c.line-design.fr\/website\/i-lumine\/wp-json\/wp\/v2\/media?parent=89"}],"curies":[{"name":"wp","href":"https:\/\/api.w.org\/{rel}","templated":true}]}}